{"id":987510145,"date":"2024-01-12T15:50:28","date_gmt":"2024-01-12T14:50:28","guid":{"rendered":"https:\/\/pilates-for-athletes.com\/a-propos-de\/"},"modified":"2026-03-26T18:47:31","modified_gmt":"2026-03-26T17:47:31","slug":"a-propos-de","status":"publish","type":"page","link":"https:\/\/pilates-for-athletes.com\/fr\/a-propos-de\/","title":{"rendered":"A propos de"},"content":{"rendered":"<p>[et_pb_section fb_built=\u00a0\u00bb1&Prime; _builder_version=\u00a0\u00bb4.24.0&Prime; _module_preset=\u00a0\u00bbdefault\u00a0\u00bb use_background_color_gradient=\u00a0\u00bbon\u00a0\u00bb background_color_gradient_repeat=\u00a0\u00bbon\u00a0\u00bb background_color_gradient_direction=\u00a0\u00bb360deg\u00a0\u00bb background_color_gradient_stops=\u00a0\u00bbrgba(237,226,215,0.26) 0%|rgba(255,252,247,0.54) 99%\u00a0\u00bb background_color_gradient_overlays_image=\u00a0\u00bbon\u00a0\u00bb background_image=\u00a0\u00bbhttps:\/\/pilates-for-athletes.com\/wp-content\/uploads\/2024\/01\/pilates-for-athletes-mat.jpg\u00a0\u00bb custom_margin=\u00a0\u00bb||||false|false\u00a0\u00bb custom_padding=\u00a0\u00bb||||true|false\u00a0\u00bb global_colors_info=\u00a0\u00bb{}\u00a0\u00bb][et_pb_row _builder_version=\u00a0\u00bb4.24.0&Prime; _module_preset=\u00a0\u00bbdefault\u00a0\u00bb global_colors_info=\u00a0\u00bb{}\u00a0\u00bb][et_pb_column type=\u00a0\u00bb4_4&Prime; _builder_version=\u00a0\u00bb4.24.0&Prime; _module_preset=\u00a0\u00bbdefault\u00a0\u00bb global_colors_info=\u00a0\u00bb{}\u00a0\u00bb][et_pb_text _builder_version=\u00a0\u00bb4.24.0&Prime; _module_preset=\u00a0\u00bbdefault\u00a0\u00bb background_color=\u00a0\u00bbRGBA(255,255,255,0)\u00a0\u00bb global_colors_info=\u00a0\u00bb{}\u00a0\u00bb]<\/p>\n<h1>A propos de moi<\/h1>\n<p>[\/et_pb_text][\/et_pb_column][\/et_pb_row][\/et_pb_section][et_pb_section fb_built=\u00a0\u00bb1&Prime; _builder_version=\u00a0\u00bb4.18.0&Prime; _module_preset=\u00a0\u00bbdefault\u00a0\u00bb global_colors_info=\u00a0\u00bb{}\u00a0\u00bb][et_pb_row _builder_version=\u00a0\u00bb4.24.0&Prime; _module_preset=\u00a0\u00bbdefault\u00a0\u00bb custom_margin=\u00a0\u00bb||2%||false|false\u00a0\u00bb global_colors_info=\u00a0\u00bb{}\u00a0\u00bb][et_pb_column type=\u00a0\u00bb4_4&Prime; _builder_version=\u00a0\u00bb4.18.0&Prime; _module_preset=\u00a0\u00bbdefault\u00a0\u00bb global_colors_info=\u00a0\u00bb{}\u00a0\u00bb][et_pb_text _builder_version=\u00a0\u00bb4.24.0&Prime; _module_preset=\u00a0\u00bbdefault\u00a0\u00bb header_2_text_align=\u00a0\u00bbcenter\u00a0\u00bb global_colors_info=\u00a0\u00bb{}\u00a0\u00bb]<\/p>\n<h2>Kirsten &#8211; Professeure de Pilates sp\u00e9cialis\u00e9e dans l&rsquo;entra\u00eenement des athl\u00e8tes<\/h2>\n<p>[\/et_pb_text][\/et_pb_column][\/et_pb_row][et_pb_row column_structure=\u00a0\u00bb2_5,3_5&Prime; _builder_version=\u00a0\u00bb4.24.0&Prime; _module_preset=\u00a0\u00bbdefault\u00a0\u00bb background_color=\u00a0\u00bbRGBA(255,255,255,0)\u00a0\u00bb global_colors_info=\u00a0\u00bb{}\u00a0\u00bb][et_pb_column type=\u00a0\u00bb2_5&Prime; _builder_version=\u00a0\u00bb4.24.0&Prime; _module_preset=\u00a0\u00bbdefault\u00a0\u00bb border_width_all=\u00a0\u00bb2px\u00a0\u00bb border_color_all=\u00a0\u00bb#9B7956&Prime; global_colors_info=\u00a0\u00bb{}\u00a0\u00bb][et_pb_image src=\u00a0\u00bbhttps:\/\/pilates-for-athletes.com\/wp-content\/uploads\/2024\/06\/Pilatesforathletes-72-683&#215;1024.jpg\u00a0\u00bb alt=\u00a0\u00bbPilates pour les athl\u00e8tes, Kirsten\u00a0\u00bb title_text=\u00a0\u00bbPilates pour les athl\u00e8tes\u00a0\u00bb _builder_version=\u00a0\u00bb4.24.0&Prime; _module_preset=\u00a0\u00bbdefault\u00a0\u00bb positioning=\u00a0\u00bbrelative\u00a0\u00bb vertical_offset=\u00a0\u00bb-20px\u00a0\u00bb horizontal_offset=\u00a0\u00bb-20px\u00a0\u00bb scroll_horizontal_motion=\u00a0\u00bb0|43|43|83|4|0|-4&Prime; box_shadow_style=\u00a0\u00bbpreset2&Prime; global_colors_info=\u00a0\u00bb{}\u00a0\u00bb][\/et_pb_image][\/et_pb_column][et_pb_column type=\u00a0\u00bb3_5&Prime; _builder_version=\u00a0\u00bb4.24.0&Prime; _module_preset=\u00a0\u00bbdefault\u00a0\u00bb background_enable_color=\u00a0\u00bboff\u00a0\u00bb custom_padding=\u00a0\u00bb||||true|true\u00a0\u00bb global_colors_info=\u00a0\u00bb{}\u00a0\u00bb][et_pb_blurb title=\u00a0\u00bbFormations et certifications\u00a0\u00bb use_icon=\u00a0\u00bbon\u00a0\u00bb icon_placement=\u00a0\u00bbleft\u00a0\u00bb _builder_version=\u00a0\u00bb4.24.0&Prime; _module_preset=\u00a0\u00bbdefault\u00a0\u00bb header_level=\u00a0\u00bbh2&Prime; header_font=\u00a0\u00bb|||on|||||\u00a0\u00bb header_text_align=\u00a0\u00bbleft\u00a0\u00bb header_text_color=\u00a0\u00bb#5C524B\u00a0\u00bb global_colors_info=\u00a0\u00bb{}\u00a0\u00bb][\/et_pb_blurb][et_pb_blurb title=\u00a0\u00bbbasi Pilates Legacy Programme &#8211; Mentor, 2025&Prime; image=\u00a0\u00bbhttps:\/\/pilates-for-athletes.com\/wp-content\/uploads\/2024\/01\/fitness-gym_8326574.png\u00a0\u00bb icon_placement=\u00a0\u00bbleft\u00a0\u00bb _builder_version=\u00a0\u00bb4.27.4&Prime; _module_preset=\u00a0\u00bbdefault\u00a0\u00bb header_level=\u00a0\u00bbh3&Prime; header_text_color=\u00a0\u00bb#5C524B\u00a0\u00bb hover_enabled=\u00a0\u00bb0&Prime; global_colors_info=\u00a0\u00bb{}\u00a0\u00bb sticky_enabled=\u00a0\u00bb0&Prime;]<\/p>\n<p>par Ilaria Pulidori &amp; Maria Sylla<\/p>\n<p>[\/et_pb_blurb][et_pb_blurb title=\u00a0\u00bbCQP-APSPM, AGEE 2024&Prime; image=\u00a0\u00bbhttps:\/\/pilates-for-athletes.com\/wp-content\/uploads\/2024\/01\/fitness-gym_8326574.png\u00a0\u00bb icon_placement=\u00a0\u00bbleft\u00a0\u00bb _builder_version=\u00a0\u00bb4.27.4&Prime; _module_preset=\u00a0\u00bbdefault\u00a0\u00bb header_level=\u00a0\u00bbh3&Prime; header_text_color=\u00a0\u00bb#5C524B\u00a0\u00bb hover_enabled=\u00a0\u00bb0&Prime; global_colors_info=\u00a0\u00bb{}\u00a0\u00bb sticky_enabled=\u00a0\u00bb0&Prime;][\/et_pb_blurb][et_pb_blurb title=\u00a0\u00bbPilates pour blessures et pathologies, 2023&Prime; image=\u00a0\u00bbhttps:\/\/pilates-for-athletes.com\/wp-content\/uploads\/2024\/01\/fitness-gym_8326574.png\u00a0\u00bb icon_placement=\u00a0\u00bbleft\u00a0\u00bb _builder_version=\u00a0\u00bb4.24.0&Prime; _module_preset=\u00a0\u00bbdefault\u00a0\u00bb header_level=\u00a0\u00bbh3&Prime; header_text_color=\u00a0\u00bb#5C524B\u00a0\u00bb global_colors_info=\u00a0\u00bb{}\u00a0\u00bb]<\/p>\n<p>basi Pilates : cours certifi\u00e9 par Samantha Wood<\/p>\n<p>[\/et_pb_blurb][et_pb_blurb title=\u00a0\u00bbCQP ALS, AGEE 2023&Prime; image=\u00a0\u00bbhttps:\/\/pilates-for-athletes.com\/wp-content\/uploads\/2024\/01\/fitness-gym_8326574.png\u00a0\u00bb icon_placement=\u00a0\u00bbleft\u00a0\u00bb _builder_version=\u00a0\u00bb4.24.0&Prime; _module_preset=\u00a0\u00bbdefault\u00a0\u00bb header_level=\u00a0\u00bbh3&Prime; header_text_color=\u00a0\u00bb#5C524B\u00a0\u00bb global_colors_info=\u00a0\u00bb{}\u00a0\u00bb]<\/p>\n<p>FFSPT, \u00cele-de-France<\/p>\n<p>[\/et_pb_blurb][et_pb_blurb title=\u00a0\u00bbComprehensive Teacher Training (CTT), 2022&Prime; image=\u00a0\u00bbhttps:\/\/pilates-for-athletes.com\/wp-content\/uploads\/2024\/01\/fitness-gym_8326574.png\u00a0\u00bb icon_placement=\u00a0\u00bbleft\u00a0\u00bb _builder_version=\u00a0\u00bb4.24.0&Prime; _module_preset=\u00a0\u00bbdefault\u00a0\u00bb header_level=\u00a0\u00bbh3&Prime; header_text_color=\u00a0\u00bb#5C524B\u00a0\u00bb global_colors_info=\u00a0\u00bb{}\u00a0\u00bb]<\/p>\n<p>basi Pilates : mat &amp; machine : Reformer, Cadillac, Spine Corrector, Chair, Ladder Barrel, F2 System par Verena Tremel &amp; Fabio Caracci<\/p>\n<p>[\/et_pb_blurb][et_pb_blurb title=\u00a0\u00bbMovement Anatomy Coursework, 2022&Prime; image=\u00a0\u00bbhttps:\/\/pilates-for-athletes.com\/wp-content\/uploads\/2024\/01\/fitness-gym_8326574.png\u00a0\u00bb icon_placement=\u00a0\u00bbleft\u00a0\u00bb _builder_version=\u00a0\u00bb4.27.4&Prime; _module_preset=\u00a0\u00bbdefault\u00a0\u00bb header_level=\u00a0\u00bbh3&Prime; header_text_color=\u00a0\u00bb#5C524B\u00a0\u00bb hover_enabled=\u00a0\u00bb0&Prime; global_colors_info=\u00a0\u00bb{}\u00a0\u00bb sticky_enabled=\u00a0\u00bb0&Prime;][\/et_pb_blurb][et_pb_blurb title=\u00a0\u00bbCoach Pilates (mat), 2019&Prime; image=\u00a0\u00bbhttps:\/\/pilates-for-athletes.com\/wp-content\/uploads\/2024\/01\/fitness-gym_8326574.png\u00a0\u00bb icon_placement=\u00a0\u00bbleft\u00a0\u00bb _builder_version=\u00a0\u00bb4.18.0&Prime; _module_preset=\u00a0\u00bbdefault\u00a0\u00bb header_level=\u00a0\u00bbh3&Prime; header_text_color=\u00a0\u00bb#5C524B\u00a0\u00bb global_colors_info=\u00a0\u00bb{}\u00a0\u00bb]<\/p>\n<p>Essence Yoga &amp; Pilates Ausbildungsinstitut, Bremen par Kerstin Reif<\/p>\n<p>[\/et_pb_blurb][et_pb_blurb title=\u00a0\u00bbEntra\u00eeneur de natation, 1990\/91, 1992 et 2016&Prime; image=\u00a0\u00bbhttps:\/\/pilates-for-athletes.com\/wp-content\/uploads\/2024\/01\/water_13255481.png\u00a0\u00bb icon_placement=\u00a0\u00bbleft\u00a0\u00bb _builder_version=\u00a0\u00bb4.24.0&Prime; _module_preset=\u00a0\u00bbdefault\u00a0\u00bb header_level=\u00a0\u00bbh3&Prime; header_text_color=\u00a0\u00bb#5C524B\u00a0\u00bb global_colors_info=\u00a0\u00bb{}\u00a0\u00bb]<\/p>\n<p>Deutscher Olympischer Sport Bund (DOSB), Licence C et Licence B<\/p>\n<p>[\/et_pb_blurb][\/et_pb_column][\/et_pb_row][et_pb_row _builder_version=\u00a0\u00bb4.24.0&Prime; _module_preset=\u00a0\u00bbdefault\u00a0\u00bb global_colors_info=\u00a0\u00bb{}\u00a0\u00bb][et_pb_column type=\u00a0\u00bb4_4&Prime; _builder_version=\u00a0\u00bb4.24.0&Prime; _module_preset=\u00a0\u00bbdefault\u00a0\u00bb global_colors_info=\u00a0\u00bb{}\u00a0\u00bb][et_pb_text _builder_version=\u00a0\u00bb4.24.0&Prime; _module_preset=\u00a0\u00bbdefault\u00a0\u00bb ul_line_height=\u00a0\u00bb1.9em\u00a0\u00bb custom_padding=\u00a0\u00bb||||false|false\u00a0\u00bb global_colors_info=\u00a0\u00bb{}\u00a0\u00bb]<\/p>\n<p>En tant qu&rsquo;ancienne nageuse class\u00e9e au niveau national, mon objectif est de permettre aux athl\u00e8tes de haut niveau de continuer \u00e0 pratiquer leur sport \u00e0 leur plein potentiel le plus longtemps possible.<\/p>\n<p>&nbsp;<\/p>\n<ul>\n<li>Je suis n\u00e9e en Allemagne et j&rsquo;ai \u00e9tudi\u00e9 aux \u00c9tats-Unis et au Royaume-Uni.<\/li>\n<li>Actuellement, je vis dans le sud de la France avec ma famille.<\/li>\n<li>Je continue \u00e0 pratiquer la natation en tant qu&rsquo;athl\u00e8te de haut niveau.<\/li>\n<li>Je serais ravie de vous enseigner en allemand, en anglais ou en fran\u00e7ais, en ligne ou en personne : <strong>Cours priv\u00e9s, en duo ou en groupe<\/strong>.<\/li>\n<\/ul>\n<p>[\/et_pb_text][\/et_pb_column][\/et_pb_row][et_pb_row _builder_version=\u00a0\u00bb4.24.0&Prime; _module_preset=\u00a0\u00bbdefault\u00a0\u00bb global_colors_info=\u00a0\u00bb{}\u00a0\u00bb][et_pb_column type=\u00a0\u00bb4_4&Prime; _builder_version=\u00a0\u00bb4.24.0&Prime; _module_preset=\u00a0\u00bbdefault\u00a0\u00bb global_colors_info=\u00a0\u00bb{}\u00a0\u00bb][et_pb_button button_url=\u00a0\u00bb@ET-DC@eyJkeW5hbWljIjp0cnVlLCJjb250ZW50IjoicG9zdF9saW5rX3VybF9wYWdlIiwic2V0dGluZ3MiOnsicG9zdF9pZCI6IjEwIn19@\u00a0\u00bb button_text=\u00a0\u00bbContactez-moi\u00a0\u00bb button_alignment=\u00a0\u00bbcenter\u00a0\u00bb _builder_version=\u00a0\u00bb4.24.0&Prime; _dynamic_attributes=\u00a0\u00bbbutton_url\u00a0\u00bb _module_preset=\u00a0\u00bbd173cc4c-67c4-4c9d-b3ba-6e1098966d0c\u00a0\u00bb global_colors_info=\u00a0\u00bb{}\u00a0\u00bb][\/et_pb_button][\/et_pb_column][\/et_pb_row][\/et_pb_section]<\/p>\n","protected":false},"excerpt":{"rendered":"<p>A propos de moiKirsten &#8211; Professeure de Pilates sp\u00e9cialis\u00e9e dans l&rsquo;entra\u00eenement des athl\u00e8tespar Ilaria Pulidori &amp; Maria Syllabasi Pilates : cours certifi\u00e9 par Samantha WoodFFSPT, \u00cele-de-Francebasi Pilates : mat &amp; machine : Reformer, Cadillac, Spine Corrector, Chair, Ladder Barrel, F2 System par Verena Tremel &amp; Fabio CaracciEssence Yoga &amp; Pilates Ausbildungsinstitut, Bremen par Kerstin ReifDeutscher [&hellip;]<\/p>\n","protected":false},"author":1,"featured_media":0,"parent":0,"menu_order":0,"comment_status":"closed","ping_status":"closed","template":"","meta":{"_et_pb_use_builder":"on","_et_pb_old_content":"","_et_gb_content_width":"","iawp_total_views":40,"footnotes":""},"class_list":["post-987510145","page","type-page","status-publish","hentry"],"yoast_head":"<!-- This site is optimized with the Yoast SEO plugin v27.5 - https:\/\/yoast.com\/product\/yoast-seo-wordpress\/ -->\n<title>A propos de - Pilates for Athletes<\/title>\n<meta name=\"description\" content=\"Am\u00e9liorez vos performances athl\u00e9tiques avec un entra\u00eenement Pilates adapt\u00e9 aux athl\u00e8tes par Kirsten, une instructrice Pilates certifi\u00e9e sp\u00e9cialis\u00e9e dans l&#039;entra\u00eenement des athl\u00e8tes.\" \/>\n<meta name=\"robots\" content=\"index, follow, max-snippet:-1, max-image-preview:large, max-video-preview:-1\" \/>\n<link rel=\"canonical\" href=\"https:\/\/pilates-for-athletes.com\/fr\/a-propos-de\/\" \/>\n<meta property=\"og:locale\" content=\"fr_FR\" \/>\n<meta property=\"og:type\" content=\"article\" \/>\n<meta property=\"og:title\" content=\"A propos de - Pilates for Athletes\" \/>\n<meta property=\"og:description\" content=\"Am\u00e9liorez vos performances athl\u00e9tiques avec un entra\u00eenement Pilates adapt\u00e9 aux athl\u00e8tes par Kirsten, une instructrice Pilates certifi\u00e9e sp\u00e9cialis\u00e9e dans l&#039;entra\u00eenement des athl\u00e8tes.\" \/>\n<meta property=\"og:url\" content=\"https:\/\/pilates-for-athletes.com\/fr\/a-propos-de\/\" \/>\n<meta property=\"og:site_name\" content=\"Pilates for Athletes\" \/>\n<meta property=\"article:modified_time\" content=\"2026-03-26T17:47:31+00:00\" \/>\n<meta name=\"twitter:card\" content=\"summary_large_image\" \/>\n<meta name=\"twitter:label1\" content=\"Dur\u00e9e de lecture estim\u00e9e\" \/>\n\t<meta name=\"twitter:data1\" content=\"5 minutes\" \/>\n<script type=\"application\/ld+json\" class=\"yoast-schema-graph\">{\"@context\":\"https:\\\/\\\/schema.org\",\"@graph\":[{\"@type\":\"WebPage\",\"@id\":\"https:\\\/\\\/pilates-for-athletes.com\\\/fr\\\/a-propos-de\\\/\",\"url\":\"https:\\\/\\\/pilates-for-athletes.com\\\/fr\\\/a-propos-de\\\/\",\"name\":\"A propos de - Pilates for Athletes\",\"isPartOf\":{\"@id\":\"https:\\\/\\\/pilates-for-athletes.com\\\/fr\\\/#website\"},\"datePublished\":\"2024-01-12T14:50:28+00:00\",\"dateModified\":\"2026-03-26T17:47:31+00:00\",\"description\":\"Am\u00e9liorez vos performances athl\u00e9tiques avec un entra\u00eenement Pilates adapt\u00e9 aux athl\u00e8tes par Kirsten, une instructrice Pilates certifi\u00e9e sp\u00e9cialis\u00e9e dans l'entra\u00eenement des athl\u00e8tes.\",\"breadcrumb\":{\"@id\":\"https:\\\/\\\/pilates-for-athletes.com\\\/fr\\\/a-propos-de\\\/#breadcrumb\"},\"inLanguage\":\"fr-FR\",\"potentialAction\":[{\"@type\":\"ReadAction\",\"target\":[\"https:\\\/\\\/pilates-for-athletes.com\\\/fr\\\/a-propos-de\\\/\"]}]},{\"@type\":\"BreadcrumbList\",\"@id\":\"https:\\\/\\\/pilates-for-athletes.com\\\/fr\\\/a-propos-de\\\/#breadcrumb\",\"itemListElement\":[{\"@type\":\"ListItem\",\"position\":1,\"name\":\"Startseite\",\"item\":\"https:\\\/\\\/pilates-for-athletes.com\\\/fr\\\/\"},{\"@type\":\"ListItem\",\"position\":2,\"name\":\"A propos de\"}]},{\"@type\":\"WebSite\",\"@id\":\"https:\\\/\\\/pilates-for-athletes.com\\\/fr\\\/#website\",\"url\":\"https:\\\/\\\/pilates-for-athletes.com\\\/fr\\\/\",\"name\":\"Pilates for Athletes\",\"description\":\"with Kirsten\",\"publisher\":{\"@id\":\"https:\\\/\\\/pilates-for-athletes.com\\\/fr\\\/#organization\"},\"potentialAction\":[{\"@type\":\"SearchAction\",\"target\":{\"@type\":\"EntryPoint\",\"urlTemplate\":\"https:\\\/\\\/pilates-for-athletes.com\\\/fr\\\/?s={search_term_string}\"},\"query-input\":{\"@type\":\"PropertyValueSpecification\",\"valueRequired\":true,\"valueName\":\"search_term_string\"}}],\"inLanguage\":\"fr-FR\"},{\"@type\":\"Organization\",\"@id\":\"https:\\\/\\\/pilates-for-athletes.com\\\/fr\\\/#organization\",\"name\":\"Pilates for Athletes\",\"url\":\"https:\\\/\\\/pilates-for-athletes.com\\\/fr\\\/\",\"logo\":{\"@type\":\"ImageObject\",\"inLanguage\":\"fr-FR\",\"@id\":\"https:\\\/\\\/pilates-for-athletes.com\\\/fr\\\/#\\\/schema\\\/logo\\\/image\\\/\",\"url\":\"https:\\\/\\\/pilates-for-athletes.com\\\/wp-content\\\/uploads\\\/2024\\\/10\\\/PilatesForAthletes_Logo.png\",\"contentUrl\":\"https:\\\/\\\/pilates-for-athletes.com\\\/wp-content\\\/uploads\\\/2024\\\/10\\\/PilatesForAthletes_Logo.png\",\"width\":500,\"height\":500,\"caption\":\"Pilates for Athletes\"},\"image\":{\"@id\":\"https:\\\/\\\/pilates-for-athletes.com\\\/fr\\\/#\\\/schema\\\/logo\\\/image\\\/\"}}]}<\/script>\n<!-- \/ Yoast SEO plugin. -->","yoast_head_json":{"title":"A propos de - Pilates for Athletes","description":"Am\u00e9liorez vos performances athl\u00e9tiques avec un entra\u00eenement Pilates adapt\u00e9 aux athl\u00e8tes par Kirsten, une instructrice Pilates certifi\u00e9e sp\u00e9cialis\u00e9e dans l'entra\u00eenement des athl\u00e8tes.","robots":{"index":"index","follow":"follow","max-snippet":"max-snippet:-1","max-image-preview":"max-image-preview:large","max-video-preview":"max-video-preview:-1"},"canonical":"https:\/\/pilates-for-athletes.com\/fr\/a-propos-de\/","og_locale":"fr_FR","og_type":"article","og_title":"A propos de - Pilates for Athletes","og_description":"Am\u00e9liorez vos performances athl\u00e9tiques avec un entra\u00eenement Pilates adapt\u00e9 aux athl\u00e8tes par Kirsten, une instructrice Pilates certifi\u00e9e sp\u00e9cialis\u00e9e dans l'entra\u00eenement des athl\u00e8tes.","og_url":"https:\/\/pilates-for-athletes.com\/fr\/a-propos-de\/","og_site_name":"Pilates for Athletes","article_modified_time":"2026-03-26T17:47:31+00:00","twitter_card":"summary_large_image","twitter_misc":{"Dur\u00e9e de lecture estim\u00e9e":"5 minutes"},"schema":{"@context":"https:\/\/schema.org","@graph":[{"@type":"WebPage","@id":"https:\/\/pilates-for-athletes.com\/fr\/a-propos-de\/","url":"https:\/\/pilates-for-athletes.com\/fr\/a-propos-de\/","name":"A propos de - Pilates for Athletes","isPartOf":{"@id":"https:\/\/pilates-for-athletes.com\/fr\/#website"},"datePublished":"2024-01-12T14:50:28+00:00","dateModified":"2026-03-26T17:47:31+00:00","description":"Am\u00e9liorez vos performances athl\u00e9tiques avec un entra\u00eenement Pilates adapt\u00e9 aux athl\u00e8tes par Kirsten, une instructrice Pilates certifi\u00e9e sp\u00e9cialis\u00e9e dans l'entra\u00eenement des athl\u00e8tes.","breadcrumb":{"@id":"https:\/\/pilates-for-athletes.com\/fr\/a-propos-de\/#breadcrumb"},"inLanguage":"fr-FR","potentialAction":[{"@type":"ReadAction","target":["https:\/\/pilates-for-athletes.com\/fr\/a-propos-de\/"]}]},{"@type":"BreadcrumbList","@id":"https:\/\/pilates-for-athletes.com\/fr\/a-propos-de\/#breadcrumb","itemListElement":[{"@type":"ListItem","position":1,"name":"Startseite","item":"https:\/\/pilates-for-athletes.com\/fr\/"},{"@type":"ListItem","position":2,"name":"A propos de"}]},{"@type":"WebSite","@id":"https:\/\/pilates-for-athletes.com\/fr\/#website","url":"https:\/\/pilates-for-athletes.com\/fr\/","name":"Pilates for Athletes","description":"with Kirsten","publisher":{"@id":"https:\/\/pilates-for-athletes.com\/fr\/#organization"},"potentialAction":[{"@type":"SearchAction","target":{"@type":"EntryPoint","urlTemplate":"https:\/\/pilates-for-athletes.com\/fr\/?s={search_term_string}"},"query-input":{"@type":"PropertyValueSpecification","valueRequired":true,"valueName":"search_term_string"}}],"inLanguage":"fr-FR"},{"@type":"Organization","@id":"https:\/\/pilates-for-athletes.com\/fr\/#organization","name":"Pilates for Athletes","url":"https:\/\/pilates-for-athletes.com\/fr\/","logo":{"@type":"ImageObject","inLanguage":"fr-FR","@id":"https:\/\/pilates-for-athletes.com\/fr\/#\/schema\/logo\/image\/","url":"https:\/\/pilates-for-athletes.com\/wp-content\/uploads\/2024\/10\/PilatesForAthletes_Logo.png","contentUrl":"https:\/\/pilates-for-athletes.com\/wp-content\/uploads\/2024\/10\/PilatesForAthletes_Logo.png","width":500,"height":500,"caption":"Pilates for Athletes"},"image":{"@id":"https:\/\/pilates-for-athletes.com\/fr\/#\/schema\/logo\/image\/"}}]}},"_links":{"self":[{"href":"https:\/\/pilates-for-athletes.com\/fr\/wp-json\/wp\/v2\/pages\/987510145","targetHints":{"allow":["GET"]}}],"collection":[{"href":"https:\/\/pilates-for-athletes.com\/fr\/wp-json\/wp\/v2\/pages"}],"about":[{"href":"https:\/\/pilates-for-athletes.com\/fr\/wp-json\/wp\/v2\/types\/page"}],"author":[{"embeddable":true,"href":"https:\/\/pilates-for-athletes.com\/fr\/wp-json\/wp\/v2\/users\/1"}],"replies":[{"embeddable":true,"href":"https:\/\/pilates-for-athletes.com\/fr\/wp-json\/wp\/v2\/comments?post=987510145"}],"version-history":[{"count":6,"href":"https:\/\/pilates-for-athletes.com\/fr\/wp-json\/wp\/v2\/pages\/987510145\/revisions"}],"predecessor-version":[{"id":987512217,"href":"https:\/\/pilates-for-athletes.com\/fr\/wp-json\/wp\/v2\/pages\/987510145\/revisions\/987512217"}],"wp:attachment":[{"href":"https:\/\/pilates-for-athletes.com\/fr\/wp-json\/wp\/v2\/media?parent=987510145"}],"curies":[{"name":"wp","href":"https:\/\/api.w.org\/{rel}","templated":true}]}}