{"id":987510138,"date":"2024-03-12T16:29:06","date_gmt":"2024-03-12T15:29:06","guid":{"rendered":"https:\/\/pilates-for-athletes.com\/avis-juridique\/"},"modified":"2024-06-11T18:21:40","modified_gmt":"2024-06-11T16:21:40","slug":"avis-juridique","status":"publish","type":"page","link":"https:\/\/pilates-for-athletes.com\/fr\/avis-juridique\/","title":{"rendered":"Avis juridique"},"content":{"rendered":"\n<p>Prestataire :<\/p>\n\n<p>Kirsten Wenzel<\/p>\n\n<p>2 impasse des Genets<\/p>\n\n<p>31530 Levignac<\/p>\n\n<p>France<\/p>\n\n<p>Num\u00e9ro de t\u00e9l\u00e9phone : 0033-(0)6-43 38 56 49<\/p>\n\n<p>Adresse \u00e9lectronique : info@pilates-for-athletes.com<\/p>\n","protected":false},"excerpt":{"rendered":"<p>Prestataire : Kirsten Wenzel 2 impasse des Genets 31530 Levignac France Num\u00e9ro de t\u00e9l\u00e9phone : 0033-(0)6-43 38 56 49 Adresse \u00e9lectronique : info@pilates-for-athletes.com<\/p>\n","protected":false},"author":1,"featured_media":0,"parent":0,"menu_order":0,"comment_status":"closed","ping_status":"closed","template":"","meta":{"_et_pb_use_builder":"off","_et_pb_old_content":"","_et_gb_content_width":"","iawp_total_views":5,"footnotes":""},"class_list":["post-987510138","page","type-page","status-publish","hentry"],"yoast_head":"<!-- This site is optimized with the Yoast SEO plugin v27.5 - https:\/\/yoast.com\/product\/yoast-seo-wordpress\/ -->\n<title>Avis juridique - Pilates for Athletes<\/title>\n<meta name=\"description\" content=\"Pilates pour les sportifs, Kirsten Wenzel\" \/>\n<meta name=\"robots\" content=\"noindex, nofollow\" \/>\n<meta property=\"og:locale\" content=\"fr_FR\" \/>\n<meta property=\"og:type\" content=\"article\" \/>\n<meta property=\"og:title\" content=\"Avis juridique - Pilates for Athletes\" \/>\n<meta property=\"og:description\" content=\"Pilates pour les sportifs, Kirsten Wenzel\" \/>\n<meta property=\"og:url\" content=\"https:\/\/pilates-for-athletes.com\/fr\/avis-juridique\/\" \/>\n<meta property=\"og:site_name\" content=\"Pilates for Athletes\" \/>\n<meta property=\"article:modified_time\" content=\"2024-06-11T16:21:40+00:00\" \/>\n<meta name=\"twitter:card\" content=\"summary_large_image\" \/>\n<script type=\"application\/ld+json\" class=\"yoast-schema-graph\">{\"@context\":\"https:\\\/\\\/schema.org\",\"@graph\":[{\"@type\":\"WebPage\",\"@id\":\"https:\\\/\\\/pilates-for-athletes.com\\\/fr\\\/avis-juridique\\\/\",\"url\":\"https:\\\/\\\/pilates-for-athletes.com\\\/fr\\\/avis-juridique\\\/\",\"name\":\"Avis juridique - Pilates for Athletes\",\"isPartOf\":{\"@id\":\"https:\\\/\\\/pilates-for-athletes.com\\\/fr\\\/#website\"},\"datePublished\":\"2024-03-12T15:29:06+00:00\",\"dateModified\":\"2024-06-11T16:21:40+00:00\",\"description\":\"Pilates pour les sportifs, Kirsten Wenzel\",\"breadcrumb\":{\"@id\":\"https:\\\/\\\/pilates-for-athletes.com\\\/fr\\\/avis-juridique\\\/#breadcrumb\"},\"inLanguage\":\"fr-FR\",\"potentialAction\":[{\"@type\":\"ReadAction\",\"target\":[\"https:\\\/\\\/pilates-for-athletes.com\\\/fr\\\/avis-juridique\\\/\"]}]},{\"@type\":\"BreadcrumbList\",\"@id\":\"https:\\\/\\\/pilates-for-athletes.com\\\/fr\\\/avis-juridique\\\/#breadcrumb\",\"itemListElement\":[{\"@type\":\"ListItem\",\"position\":1,\"name\":\"Startseite\",\"item\":\"https:\\\/\\\/pilates-for-athletes.com\\\/fr\\\/\"},{\"@type\":\"ListItem\",\"position\":2,\"name\":\"Avis juridique\"}]},{\"@type\":\"WebSite\",\"@id\":\"https:\\\/\\\/pilates-for-athletes.com\\\/fr\\\/#website\",\"url\":\"https:\\\/\\\/pilates-for-athletes.com\\\/fr\\\/\",\"name\":\"Pilates for Athletes\",\"description\":\"with Kirsten\",\"publisher\":{\"@id\":\"https:\\\/\\\/pilates-for-athletes.com\\\/fr\\\/#organization\"},\"potentialAction\":[{\"@type\":\"SearchAction\",\"target\":{\"@type\":\"EntryPoint\",\"urlTemplate\":\"https:\\\/\\\/pilates-for-athletes.com\\\/fr\\\/?s={search_term_string}\"},\"query-input\":{\"@type\":\"PropertyValueSpecification\",\"valueRequired\":true,\"valueName\":\"search_term_string\"}}],\"inLanguage\":\"fr-FR\"},{\"@type\":\"Organization\",\"@id\":\"https:\\\/\\\/pilates-for-athletes.com\\\/fr\\\/#organization\",\"name\":\"Pilates for Athletes\",\"url\":\"https:\\\/\\\/pilates-for-athletes.com\\\/fr\\\/\",\"logo\":{\"@type\":\"ImageObject\",\"inLanguage\":\"fr-FR\",\"@id\":\"https:\\\/\\\/pilates-for-athletes.com\\\/fr\\\/#\\\/schema\\\/logo\\\/image\\\/\",\"url\":\"https:\\\/\\\/pilates-for-athletes.com\\\/wp-content\\\/uploads\\\/2024\\\/10\\\/PilatesForAthletes_Logo.png\",\"contentUrl\":\"https:\\\/\\\/pilates-for-athletes.com\\\/wp-content\\\/uploads\\\/2024\\\/10\\\/PilatesForAthletes_Logo.png\",\"width\":500,\"height\":500,\"caption\":\"Pilates for Athletes\"},\"image\":{\"@id\":\"https:\\\/\\\/pilates-for-athletes.com\\\/fr\\\/#\\\/schema\\\/logo\\\/image\\\/\"}}]}<\/script>\n<!-- \/ Yoast SEO plugin. -->","yoast_head_json":{"title":"Avis juridique - Pilates for Athletes","description":"Pilates pour les sportifs, Kirsten Wenzel","robots":{"index":"noindex","follow":"nofollow"},"og_locale":"fr_FR","og_type":"article","og_title":"Avis juridique - Pilates for Athletes","og_description":"Pilates pour les sportifs, Kirsten Wenzel","og_url":"https:\/\/pilates-for-athletes.com\/fr\/avis-juridique\/","og_site_name":"Pilates for Athletes","article_modified_time":"2024-06-11T16:21:40+00:00","twitter_card":"summary_large_image","schema":{"@context":"https:\/\/schema.org","@graph":[{"@type":"WebPage","@id":"https:\/\/pilates-for-athletes.com\/fr\/avis-juridique\/","url":"https:\/\/pilates-for-athletes.com\/fr\/avis-juridique\/","name":"Avis juridique - Pilates for Athletes","isPartOf":{"@id":"https:\/\/pilates-for-athletes.com\/fr\/#website"},"datePublished":"2024-03-12T15:29:06+00:00","dateModified":"2024-06-11T16:21:40+00:00","description":"Pilates pour les sportifs, Kirsten Wenzel","breadcrumb":{"@id":"https:\/\/pilates-for-athletes.com\/fr\/avis-juridique\/#breadcrumb"},"inLanguage":"fr-FR","potentialAction":[{"@type":"ReadAction","target":["https:\/\/pilates-for-athletes.com\/fr\/avis-juridique\/"]}]},{"@type":"BreadcrumbList","@id":"https:\/\/pilates-for-athletes.com\/fr\/avis-juridique\/#breadcrumb","itemListElement":[{"@type":"ListItem","position":1,"name":"Startseite","item":"https:\/\/pilates-for-athletes.com\/fr\/"},{"@type":"ListItem","position":2,"name":"Avis juridique"}]},{"@type":"WebSite","@id":"https:\/\/pilates-for-athletes.com\/fr\/#website","url":"https:\/\/pilates-for-athletes.com\/fr\/","name":"Pilates for Athletes","description":"with Kirsten","publisher":{"@id":"https:\/\/pilates-for-athletes.com\/fr\/#organization"},"potentialAction":[{"@type":"SearchAction","target":{"@type":"EntryPoint","urlTemplate":"https:\/\/pilates-for-athletes.com\/fr\/?s={search_term_string}"},"query-input":{"@type":"PropertyValueSpecification","valueRequired":true,"valueName":"search_term_string"}}],"inLanguage":"fr-FR"},{"@type":"Organization","@id":"https:\/\/pilates-for-athletes.com\/fr\/#organization","name":"Pilates for Athletes","url":"https:\/\/pilates-for-athletes.com\/fr\/","logo":{"@type":"ImageObject","inLanguage":"fr-FR","@id":"https:\/\/pilates-for-athletes.com\/fr\/#\/schema\/logo\/image\/","url":"https:\/\/pilates-for-athletes.com\/wp-content\/uploads\/2024\/10\/PilatesForAthletes_Logo.png","contentUrl":"https:\/\/pilates-for-athletes.com\/wp-content\/uploads\/2024\/10\/PilatesForAthletes_Logo.png","width":500,"height":500,"caption":"Pilates for Athletes"},"image":{"@id":"https:\/\/pilates-for-athletes.com\/fr\/#\/schema\/logo\/image\/"}}]}},"_links":{"self":[{"href":"https:\/\/pilates-for-athletes.com\/fr\/wp-json\/wp\/v2\/pages\/987510138","targetHints":{"allow":["GET"]}}],"collection":[{"href":"https:\/\/pilates-for-athletes.com\/fr\/wp-json\/wp\/v2\/pages"}],"about":[{"href":"https:\/\/pilates-for-athletes.com\/fr\/wp-json\/wp\/v2\/types\/page"}],"author":[{"embeddable":true,"href":"https:\/\/pilates-for-athletes.com\/fr\/wp-json\/wp\/v2\/users\/1"}],"replies":[{"embeddable":true,"href":"https:\/\/pilates-for-athletes.com\/fr\/wp-json\/wp\/v2\/comments?post=987510138"}],"version-history":[{"count":4,"href":"https:\/\/pilates-for-athletes.com\/fr\/wp-json\/wp\/v2\/pages\/987510138\/revisions"}],"predecessor-version":[{"id":987510207,"href":"https:\/\/pilates-for-athletes.com\/fr\/wp-json\/wp\/v2\/pages\/987510138\/revisions\/987510207"}],"wp:attachment":[{"href":"https:\/\/pilates-for-athletes.com\/fr\/wp-json\/wp\/v2\/media?parent=987510138"}],"curies":[{"name":"wp","href":"https:\/\/api.w.org\/{rel}","templated":true}]}}