{"id":987510137,"date":"2024-01-12T15:50:43","date_gmt":"2024-01-12T14:50:43","guid":{"rendered":"https:\/\/pilates-for-athletes.com\/contact\/"},"modified":"2026-05-03T21:58:32","modified_gmt":"2026-05-03T19:58:32","slug":"contact","status":"publish","type":"page","link":"https:\/\/pilates-for-athletes.com\/fr\/contact\/","title":{"rendered":"Contact"},"content":{"rendered":"<p>[et_pb_section fb_built=\u00a0\u00bb1&Prime; custom_padding_last_edited=\u00a0\u00bbon|phone\u00a0\u00bb _builder_version=\u00a0\u00bb4.27.4&Prime; _module_preset=\u00a0\u00bbdefault\u00a0\u00bb use_background_color_gradient=\u00a0\u00bbon\u00a0\u00bb background_color_gradient_repeat=\u00a0\u00bbon\u00a0\u00bb background_color_gradient_direction=\u00a0\u00bb360deg\u00a0\u00bb background_color_gradient_stops=\u00a0\u00bbrgba(237,226,215,0.26) 0%|rgba(255,252,247,0.54) 99%\u00a0\u00bb background_color_gradient_overlays_image=\u00a0\u00bbon\u00a0\u00bb background_image=\u00a0\u00bbhttps:\/\/pilates-for-athletes.com\/wp-content\/uploads\/2026\/05\/pilatesforathletes-titel-contact.jpg\u00a0\u00bb custom_margin=\u00a0\u00bb||||false|false\u00a0\u00bb custom_padding=\u00a0\u00bb8%||8%||true|false\u00a0\u00bb custom_padding_tablet=\u00a0\u00bb7%||7%||true|false\u00a0\u00bb custom_padding_phone=\u00a0\u00bb8%||8%||true|false\u00a0\u00bb hover_enabled=\u00a0\u00bb0&Prime; global_colors_info=\u00a0\u00bb{}\u00a0\u00bb parallax=\u00a0\u00bbon\u00a0\u00bb sticky_enabled=\u00a0\u00bb0&Prime;][et_pb_row _builder_version=\u00a0\u00bb4.24.0&Prime; _module_preset=\u00a0\u00bbdefault\u00a0\u00bb global_colors_info=\u00a0\u00bb{}\u00a0\u00bb][et_pb_column type=\u00a0\u00bb4_4&Prime; _builder_version=\u00a0\u00bb4.24.0&Prime; _module_preset=\u00a0\u00bbdefault\u00a0\u00bb global_colors_info=\u00a0\u00bb{}\u00a0\u00bb][et_pb_text _builder_version=\u00a0\u00bb4.24.0&Prime; _module_preset=\u00a0\u00bbdefault\u00a0\u00bb background_color=\u00a0\u00bbRGBA(255,255,255,0)\u00a0\u00bb global_colors_info=\u00a0\u00bb{}\u00a0\u00bb]<\/p>\n<h1>Contact<\/h1>\n<p>[\/et_pb_text][\/et_pb_column][\/et_pb_row][\/et_pb_section][et_pb_section fb_built=\u00a0\u00bb1&Prime; _builder_version=\u00a0\u00bb4.27.4&Prime; _module_preset=\u00a0\u00bbdefault\u00a0\u00bb background_color=\u00a0\u00bb#EDE2D7&Prime; global_colors_info=\u00a0\u00bb{}\u00a0\u00bb][et_pb_row _builder_version=\u00a0\u00bb4.18.0&Prime; _module_preset=\u00a0\u00bbdefault\u00a0\u00bb global_colors_info=\u00a0\u00bb{}\u00a0\u00bb][et_pb_column type=\u00a0\u00bb4_4&Prime; _builder_version=\u00a0\u00bb4.18.0&Prime; _module_preset=\u00a0\u00bbdefault\u00a0\u00bb global_colors_info=\u00a0\u00bb{}\u00a0\u00bb][et_pb_text _builder_version=\u00a0\u00bb4.24.0&Prime; _module_preset=\u00a0\u00bbdefault\u00a0\u00bb header_2_text_align=\u00a0\u00bbcenter\u00a0\u00bb global_colors_info=\u00a0\u00bb{}\u00a0\u00bb]<\/p>\n<h2>Vous voulez plus d&rsquo;informations ?<\/h2>\n<p>[\/et_pb_text][\/et_pb_column][\/et_pb_row][et_pb_row _builder_version=\u00a0\u00bb4.18.0&Prime; _module_preset=\u00a0\u00bbdefault\u00a0\u00bb global_colors_info=\u00a0\u00bb{}\u00a0\u00bb][et_pb_column type=\u00a0\u00bb4_4&Prime; _builder_version=\u00a0\u00bb4.18.0&Prime; _module_preset=\u00a0\u00bbdefault\u00a0\u00bb global_colors_info=\u00a0\u00bb{}\u00a0\u00bb][et_pb_contact_form email=\u00a0\u00bbinfo@pilates-for-athletes.com\u00a0\u00bb success_message=\u00a0\u00bbMerci pour votre message. Je reviendrai vers vous d\u00e8s que possible.\u00a0\u00bb submit_button_text=\u00a0\u00bbsoumettre\u00a0\u00bb _builder_version=\u00a0\u00bb4.24.0&Prime; _module_preset=\u00a0\u00bbdefault\u00a0\u00bb _unique_id=\u00a0\u00bbf8cf41d7-304b-4539-83ce-7d5f264f4312&Prime; form_field_background_color=\u00a0\u00bb#FFFCF7&Prime; form_field_text_color=\u00a0\u00bb#5C524B\u00a0\u00bb form_field_focus_background_color=\u00a0\u00bbRGBA(255,255,255,0)\u00a0\u00bb captcha_text_color=\u00a0\u00bb#5C524B\u00a0\u00bb custom_button=\u00a0\u00bbon\u00a0\u00bb button_text_color=\u00a0\u00bb#9B7956&Prime; global_colors_info=\u00a0\u00bb{}\u00a0\u00bb][et_pb_contact_field field_id=\u00a0\u00bbName\u00a0\u00bb field_title=\u00a0\u00bbNom\u00a0\u00bb _builder_version=\u00a0\u00bb4.16&Prime; global_colors_info=\u00a0\u00bb{}\u00a0\u00bb button_text_size__hover_enabled=\u00a0\u00bboff\u00a0\u00bb button_one_text_size__hover_enabled=\u00a0\u00bboff\u00a0\u00bb button_two_text_size__hover_enabled=\u00a0\u00bboff\u00a0\u00bb button_text_color__hover_enabled=\u00a0\u00bboff\u00a0\u00bb button_one_text_color__hover_enabled=\u00a0\u00bboff\u00a0\u00bb button_two_text_color__hover_enabled=\u00a0\u00bboff\u00a0\u00bb button_border_width__hover_enabled=\u00a0\u00bboff\u00a0\u00bb button_one_border_width__hover_enabled=\u00a0\u00bboff\u00a0\u00bb button_two_border_width__hover_enabled=\u00a0\u00bboff\u00a0\u00bb button_border_color__hover_enabled=\u00a0\u00bboff\u00a0\u00bb button_one_border_color__hover_enabled=\u00a0\u00bboff\u00a0\u00bb button_two_border_color__hover_enabled=\u00a0\u00bboff\u00a0\u00bb button_border_radius__hover_enabled=\u00a0\u00bboff\u00a0\u00bb button_one_border_radius__hover_enabled=\u00a0\u00bboff\u00a0\u00bb button_two_border_radius__hover_enabled=\u00a0\u00bboff\u00a0\u00bb button_letter_spacing__hover_enabled=\u00a0\u00bboff\u00a0\u00bb button_one_letter_spacing__hover_enabled=\u00a0\u00bboff\u00a0\u00bb button_two_letter_spacing__hover_enabled=\u00a0\u00bboff\u00a0\u00bb button_bg_color__hover_enabled=\u00a0\u00bboff\u00a0\u00bb button_one_bg_color__hover_enabled=\u00a0\u00bboff\u00a0\u00bb button_two_bg_color__hover_enabled=\u00a0\u00bboff\u00a0\u00bb][\/et_pb_contact_field][et_pb_contact_field field_id=\u00a0\u00bbEmail\u00a0\u00bb field_title=\u00a0\u00bbCourrier \u00e9lectronique\u00a0\u00bb field_type=\u00a0\u00bbemail\u00a0\u00bb _builder_version=\u00a0\u00bb4.24.0&Prime; global_colors_info=\u00a0\u00bb{}\u00a0\u00bb button_text_size__hover_enabled=\u00a0\u00bboff\u00a0\u00bb button_one_text_size__hover_enabled=\u00a0\u00bboff\u00a0\u00bb button_two_text_size__hover_enabled=\u00a0\u00bboff\u00a0\u00bb button_text_color__hover_enabled=\u00a0\u00bboff\u00a0\u00bb button_one_text_color__hover_enabled=\u00a0\u00bboff\u00a0\u00bb button_two_text_color__hover_enabled=\u00a0\u00bboff\u00a0\u00bb button_border_width__hover_enabled=\u00a0\u00bboff\u00a0\u00bb button_one_border_width__hover_enabled=\u00a0\u00bboff\u00a0\u00bb button_two_border_width__hover_enabled=\u00a0\u00bboff\u00a0\u00bb button_border_color__hover_enabled=\u00a0\u00bboff\u00a0\u00bb button_one_border_color__hover_enabled=\u00a0\u00bboff\u00a0\u00bb button_two_border_color__hover_enabled=\u00a0\u00bboff\u00a0\u00bb button_border_radius__hover_enabled=\u00a0\u00bboff\u00a0\u00bb button_one_border_radius__hover_enabled=\u00a0\u00bboff\u00a0\u00bb button_two_border_radius__hover_enabled=\u00a0\u00bboff\u00a0\u00bb button_letter_spacing__hover_enabled=\u00a0\u00bboff\u00a0\u00bb button_one_letter_spacing__hover_enabled=\u00a0\u00bboff\u00a0\u00bb button_two_letter_spacing__hover_enabled=\u00a0\u00bboff\u00a0\u00bb button_bg_color__hover_enabled=\u00a0\u00bboff\u00a0\u00bb button_one_bg_color__hover_enabled=\u00a0\u00bboff\u00a0\u00bb button_two_bg_color__hover_enabled=\u00a0\u00bboff\u00a0\u00bb][\/et_pb_contact_field][et_pb_contact_field field_id=\u00a0\u00bbMessage\u00a0\u00bb field_title=\u00a0\u00bbMessage\u00a0\u00bb field_type=\u00a0\u00bbtext\u00a0\u00bb fullwidth_field=\u00a0\u00bbon\u00a0\u00bb _builder_version=\u00a0\u00bb4.24.0&Prime; global_colors_info=\u00a0\u00bb{}\u00a0\u00bb button_text_size__hover_enabled=\u00a0\u00bboff\u00a0\u00bb button_one_text_size__hover_enabled=\u00a0\u00bboff\u00a0\u00bb button_two_text_size__hover_enabled=\u00a0\u00bboff\u00a0\u00bb button_text_color__hover_enabled=\u00a0\u00bboff\u00a0\u00bb button_one_text_color__hover_enabled=\u00a0\u00bboff\u00a0\u00bb button_two_text_color__hover_enabled=\u00a0\u00bboff\u00a0\u00bb button_border_width__hover_enabled=\u00a0\u00bboff\u00a0\u00bb button_one_border_width__hover_enabled=\u00a0\u00bboff\u00a0\u00bb button_two_border_width__hover_enabled=\u00a0\u00bboff\u00a0\u00bb button_border_color__hover_enabled=\u00a0\u00bboff\u00a0\u00bb button_one_border_color__hover_enabled=\u00a0\u00bboff\u00a0\u00bb button_two_border_color__hover_enabled=\u00a0\u00bboff\u00a0\u00bb button_border_radius__hover_enabled=\u00a0\u00bboff\u00a0\u00bb button_one_border_radius__hover_enabled=\u00a0\u00bboff\u00a0\u00bb button_two_border_radius__hover_enabled=\u00a0\u00bboff\u00a0\u00bb button_letter_spacing__hover_enabled=\u00a0\u00bboff\u00a0\u00bb button_one_letter_spacing__hover_enabled=\u00a0\u00bboff\u00a0\u00bb button_two_letter_spacing__hover_enabled=\u00a0\u00bboff\u00a0\u00bb button_bg_color__hover_enabled=\u00a0\u00bboff\u00a0\u00bb button_one_bg_color__hover_enabled=\u00a0\u00bboff\u00a0\u00bb button_two_bg_color__hover_enabled=\u00a0\u00bboff\u00a0\u00bb][\/et_pb_contact_field][\/et_pb_contact_form][\/et_pb_column][\/et_pb_row][\/et_pb_section]<\/p>\n","protected":false},"excerpt":{"rendered":"<p>ContactVous voulez plus d&rsquo;informations ?<\/p>\n","protected":false},"author":1,"featured_media":0,"parent":0,"menu_order":0,"comment_status":"closed","ping_status":"closed","template":"","meta":{"_et_pb_use_builder":"on","_et_pb_old_content":"","_et_gb_content_width":"","iawp_total_views":41,"footnotes":""},"class_list":["post-987510137","page","type-page","status-publish","hentry"],"yoast_head":"<!-- This site is optimized with the Yoast SEO plugin v27.5 - https:\/\/yoast.com\/product\/yoast-seo-wordpress\/ -->\n<title>Contact - Pilates for Athletes<\/title>\n<meta name=\"description\" content=\"Vous \u00eates int\u00e9ress\u00e9 par des cours de Pilates destin\u00e9s aux athl\u00e8tes ? Contactez Kirsten pour un entra\u00eenement Pilates personnalis\u00e9. Pour les nageurs, les coureurs, les golfeurs et autres athl\u00e8tes.\" \/>\n<meta name=\"robots\" content=\"index, follow, max-snippet:-1, max-image-preview:large, max-video-preview:-1\" \/>\n<link rel=\"canonical\" href=\"https:\/\/pilates-for-athletes.com\/fr\/contact\/\" \/>\n<meta property=\"og:locale\" content=\"fr_FR\" \/>\n<meta property=\"og:type\" content=\"article\" \/>\n<meta property=\"og:title\" content=\"Contact - Pilates for Athletes\" \/>\n<meta property=\"og:description\" content=\"Vous \u00eates int\u00e9ress\u00e9 par des cours de Pilates destin\u00e9s aux athl\u00e8tes ? Contactez Kirsten pour un entra\u00eenement Pilates personnalis\u00e9. Pour les nageurs, les coureurs, les golfeurs et autres athl\u00e8tes.\" \/>\n<meta property=\"og:url\" content=\"https:\/\/pilates-for-athletes.com\/fr\/contact\/\" \/>\n<meta property=\"og:site_name\" content=\"Pilates for Athletes\" \/>\n<meta property=\"article:modified_time\" content=\"2026-05-03T19:58:32+00:00\" \/>\n<meta name=\"twitter:card\" content=\"summary_large_image\" \/>\n<meta name=\"twitter:label1\" content=\"Dur\u00e9e de lecture estim\u00e9e\" \/>\n\t<meta name=\"twitter:data1\" content=\"4 minutes\" \/>\n<script type=\"application\/ld+json\" class=\"yoast-schema-graph\">{\"@context\":\"https:\\\/\\\/schema.org\",\"@graph\":[{\"@type\":\"WebPage\",\"@id\":\"https:\\\/\\\/pilates-for-athletes.com\\\/fr\\\/contact\\\/\",\"url\":\"https:\\\/\\\/pilates-for-athletes.com\\\/fr\\\/contact\\\/\",\"name\":\"Contact - Pilates for Athletes\",\"isPartOf\":{\"@id\":\"https:\\\/\\\/pilates-for-athletes.com\\\/fr\\\/#website\"},\"datePublished\":\"2024-01-12T14:50:43+00:00\",\"dateModified\":\"2026-05-03T19:58:32+00:00\",\"description\":\"Vous \u00eates int\u00e9ress\u00e9 par des cours de Pilates destin\u00e9s aux athl\u00e8tes ? Contactez Kirsten pour un entra\u00eenement Pilates personnalis\u00e9. Pour les nageurs, les coureurs, les golfeurs et autres athl\u00e8tes.\",\"breadcrumb\":{\"@id\":\"https:\\\/\\\/pilates-for-athletes.com\\\/fr\\\/contact\\\/#breadcrumb\"},\"inLanguage\":\"fr-FR\",\"potentialAction\":[{\"@type\":\"ReadAction\",\"target\":[\"https:\\\/\\\/pilates-for-athletes.com\\\/fr\\\/contact\\\/\"]}]},{\"@type\":\"BreadcrumbList\",\"@id\":\"https:\\\/\\\/pilates-for-athletes.com\\\/fr\\\/contact\\\/#breadcrumb\",\"itemListElement\":[{\"@type\":\"ListItem\",\"position\":1,\"name\":\"Startseite\",\"item\":\"https:\\\/\\\/pilates-for-athletes.com\\\/fr\\\/\"},{\"@type\":\"ListItem\",\"position\":2,\"name\":\"Contact\"}]},{\"@type\":\"WebSite\",\"@id\":\"https:\\\/\\\/pilates-for-athletes.com\\\/fr\\\/#website\",\"url\":\"https:\\\/\\\/pilates-for-athletes.com\\\/fr\\\/\",\"name\":\"Pilates for Athletes\",\"description\":\"with Kirsten\",\"publisher\":{\"@id\":\"https:\\\/\\\/pilates-for-athletes.com\\\/fr\\\/#organization\"},\"potentialAction\":[{\"@type\":\"SearchAction\",\"target\":{\"@type\":\"EntryPoint\",\"urlTemplate\":\"https:\\\/\\\/pilates-for-athletes.com\\\/fr\\\/?s={search_term_string}\"},\"query-input\":{\"@type\":\"PropertyValueSpecification\",\"valueRequired\":true,\"valueName\":\"search_term_string\"}}],\"inLanguage\":\"fr-FR\"},{\"@type\":\"Organization\",\"@id\":\"https:\\\/\\\/pilates-for-athletes.com\\\/fr\\\/#organization\",\"name\":\"Pilates for Athletes\",\"url\":\"https:\\\/\\\/pilates-for-athletes.com\\\/fr\\\/\",\"logo\":{\"@type\":\"ImageObject\",\"inLanguage\":\"fr-FR\",\"@id\":\"https:\\\/\\\/pilates-for-athletes.com\\\/fr\\\/#\\\/schema\\\/logo\\\/image\\\/\",\"url\":\"https:\\\/\\\/pilates-for-athletes.com\\\/wp-content\\\/uploads\\\/2024\\\/10\\\/PilatesForAthletes_Logo.png\",\"contentUrl\":\"https:\\\/\\\/pilates-for-athletes.com\\\/wp-content\\\/uploads\\\/2024\\\/10\\\/PilatesForAthletes_Logo.png\",\"width\":500,\"height\":500,\"caption\":\"Pilates for Athletes\"},\"image\":{\"@id\":\"https:\\\/\\\/pilates-for-athletes.com\\\/fr\\\/#\\\/schema\\\/logo\\\/image\\\/\"}}]}<\/script>\n<!-- \/ Yoast SEO plugin. -->","yoast_head_json":{"title":"Contact - Pilates for Athletes","description":"Vous \u00eates int\u00e9ress\u00e9 par des cours de Pilates destin\u00e9s aux athl\u00e8tes ? Contactez Kirsten pour un entra\u00eenement Pilates personnalis\u00e9. Pour les nageurs, les coureurs, les golfeurs et autres athl\u00e8tes.","robots":{"index":"index","follow":"follow","max-snippet":"max-snippet:-1","max-image-preview":"max-image-preview:large","max-video-preview":"max-video-preview:-1"},"canonical":"https:\/\/pilates-for-athletes.com\/fr\/contact\/","og_locale":"fr_FR","og_type":"article","og_title":"Contact - Pilates for Athletes","og_description":"Vous \u00eates int\u00e9ress\u00e9 par des cours de Pilates destin\u00e9s aux athl\u00e8tes ? Contactez Kirsten pour un entra\u00eenement Pilates personnalis\u00e9. Pour les nageurs, les coureurs, les golfeurs et autres athl\u00e8tes.","og_url":"https:\/\/pilates-for-athletes.com\/fr\/contact\/","og_site_name":"Pilates for Athletes","article_modified_time":"2026-05-03T19:58:32+00:00","twitter_card":"summary_large_image","twitter_misc":{"Dur\u00e9e de lecture estim\u00e9e":"4 minutes"},"schema":{"@context":"https:\/\/schema.org","@graph":[{"@type":"WebPage","@id":"https:\/\/pilates-for-athletes.com\/fr\/contact\/","url":"https:\/\/pilates-for-athletes.com\/fr\/contact\/","name":"Contact - Pilates for Athletes","isPartOf":{"@id":"https:\/\/pilates-for-athletes.com\/fr\/#website"},"datePublished":"2024-01-12T14:50:43+00:00","dateModified":"2026-05-03T19:58:32+00:00","description":"Vous \u00eates int\u00e9ress\u00e9 par des cours de Pilates destin\u00e9s aux athl\u00e8tes ? Contactez Kirsten pour un entra\u00eenement Pilates personnalis\u00e9. Pour les nageurs, les coureurs, les golfeurs et autres athl\u00e8tes.","breadcrumb":{"@id":"https:\/\/pilates-for-athletes.com\/fr\/contact\/#breadcrumb"},"inLanguage":"fr-FR","potentialAction":[{"@type":"ReadAction","target":["https:\/\/pilates-for-athletes.com\/fr\/contact\/"]}]},{"@type":"BreadcrumbList","@id":"https:\/\/pilates-for-athletes.com\/fr\/contact\/#breadcrumb","itemListElement":[{"@type":"ListItem","position":1,"name":"Startseite","item":"https:\/\/pilates-for-athletes.com\/fr\/"},{"@type":"ListItem","position":2,"name":"Contact"}]},{"@type":"WebSite","@id":"https:\/\/pilates-for-athletes.com\/fr\/#website","url":"https:\/\/pilates-for-athletes.com\/fr\/","name":"Pilates for Athletes","description":"with Kirsten","publisher":{"@id":"https:\/\/pilates-for-athletes.com\/fr\/#organization"},"potentialAction":[{"@type":"SearchAction","target":{"@type":"EntryPoint","urlTemplate":"https:\/\/pilates-for-athletes.com\/fr\/?s={search_term_string}"},"query-input":{"@type":"PropertyValueSpecification","valueRequired":true,"valueName":"search_term_string"}}],"inLanguage":"fr-FR"},{"@type":"Organization","@id":"https:\/\/pilates-for-athletes.com\/fr\/#organization","name":"Pilates for Athletes","url":"https:\/\/pilates-for-athletes.com\/fr\/","logo":{"@type":"ImageObject","inLanguage":"fr-FR","@id":"https:\/\/pilates-for-athletes.com\/fr\/#\/schema\/logo\/image\/","url":"https:\/\/pilates-for-athletes.com\/wp-content\/uploads\/2024\/10\/PilatesForAthletes_Logo.png","contentUrl":"https:\/\/pilates-for-athletes.com\/wp-content\/uploads\/2024\/10\/PilatesForAthletes_Logo.png","width":500,"height":500,"caption":"Pilates for Athletes"},"image":{"@id":"https:\/\/pilates-for-athletes.com\/fr\/#\/schema\/logo\/image\/"}}]}},"_links":{"self":[{"href":"https:\/\/pilates-for-athletes.com\/fr\/wp-json\/wp\/v2\/pages\/987510137","targetHints":{"allow":["GET"]}}],"collection":[{"href":"https:\/\/pilates-for-athletes.com\/fr\/wp-json\/wp\/v2\/pages"}],"about":[{"href":"https:\/\/pilates-for-athletes.com\/fr\/wp-json\/wp\/v2\/types\/page"}],"author":[{"embeddable":true,"href":"https:\/\/pilates-for-athletes.com\/fr\/wp-json\/wp\/v2\/users\/1"}],"replies":[{"embeddable":true,"href":"https:\/\/pilates-for-athletes.com\/fr\/wp-json\/wp\/v2\/comments?post=987510137"}],"version-history":[{"count":10,"href":"https:\/\/pilates-for-athletes.com\/fr\/wp-json\/wp\/v2\/pages\/987510137\/revisions"}],"predecessor-version":[{"id":987512269,"href":"https:\/\/pilates-for-athletes.com\/fr\/wp-json\/wp\/v2\/pages\/987510137\/revisions\/987512269"}],"wp:attachment":[{"href":"https:\/\/pilates-for-athletes.com\/fr\/wp-json\/wp\/v2\/media?parent=987510137"}],"curies":[{"name":"wp","href":"https:\/\/api.w.org\/{rel}","templated":true}]}}