{"id":987512145,"date":"2024-01-12T15:50:28","date_gmt":"2024-01-12T14:50:28","guid":{"rendered":"https:\/\/pilates-for-athletes.com\/about\/"},"modified":"2026-02-05T10:23:21","modified_gmt":"2026-02-05T09:23:21","slug":"ueber-mich","status":"publish","type":"page","link":"https:\/\/pilates-for-athletes.com\/de\/ueber-mich\/","title":{"rendered":"\u00dcber mich"},"content":{"rendered":"<p>[et_pb_section fb_built=&#8220;1&#8243; _builder_version=&#8220;4.24.0&#8243; _module_preset=&#8220;default&#8220; use_background_color_gradient=&#8220;on&#8220; background_color_gradient_repeat=&#8220;on&#8220; background_color_gradient_direction=&#8220;360deg&#8220; background_color_gradient_stops=&#8220;rgba(237,226,215,0.26) 0%|rgba(255,252,247,0.54) 99%&#8220; background_color_gradient_overlays_image=&#8220;on&#8220; background_image=&#8220;https:\/\/pilates-for-athletes.com\/wp-content\/uploads\/2024\/01\/pilates-for-athletes-mat.jpg&#8220; custom_margin=&#8220;||||false|false&#8220; custom_padding=&#8220;||||true|false&#8220; global_colors_info=&#8220;{}&#8220;][et_pb_row _builder_version=&#8220;4.24.0&#8243; _module_preset=&#8220;default&#8220; global_colors_info=&#8220;{}&#8220;][et_pb_column type=&#8220;4_4&#8243; _builder_version=&#8220;4.24.0&#8243; _module_preset=&#8220;default&#8220; global_colors_info=&#8220;{}&#8220;][et_pb_text _builder_version=&#8220;4.27.4&#8243; _module_preset=&#8220;default&#8220; background_color=&#8220;RGBA(255,255,255,0)&#8220; global_colors_info=&#8220;{}&#8220;]<\/p>\n<h1>\u00dcber mich<\/h1>\n<p>[\/et_pb_text][\/et_pb_column][\/et_pb_row][\/et_pb_section][et_pb_section fb_built=&#8220;1&#8243; _builder_version=&#8220;4.18.0&#8243; _module_preset=&#8220;default&#8220; global_colors_info=&#8220;{}&#8220;][et_pb_row _builder_version=&#8220;4.24.0&#8243; _module_preset=&#8220;default&#8220; custom_margin=&#8220;||2%||false|false&#8220; global_colors_info=&#8220;{}&#8220;][et_pb_column type=&#8220;4_4&#8243; _builder_version=&#8220;4.18.0&#8243; _module_preset=&#8220;default&#8220; global_colors_info=&#8220;{}&#8220;][et_pb_text _builder_version=&#8220;4.27.4&#8243; _module_preset=&#8220;default&#8220; header_2_text_align=&#8220;center&#8220; hover_enabled=&#8220;0&#8243; global_colors_info=&#8220;{}&#8220; sticky_enabled=&#8220;0&#8243;]<\/p>\n<h2>Kirsten &#8211; Pilates-Teacher, spezialisiert auf das Training von Master-\/Seniorsportlern.<\/h2>\n<p>[\/et_pb_text][\/et_pb_column][\/et_pb_row][et_pb_row column_structure=&#8220;2_5,3_5&#8243; _builder_version=&#8220;4.24.0&#8243; _module_preset=&#8220;default&#8220; background_color=&#8220;RGBA(255,255,255,0)&#8220; global_colors_info=&#8220;{}&#8220;][et_pb_column type=&#8220;2_5&#8243; _builder_version=&#8220;4.24.0&#8243; _module_preset=&#8220;default&#8220; border_width_all=&#8220;2px&#8220; border_color_all=&#8220;#9B7956&#8243; global_colors_info=&#8220;{}&#8220;][et_pb_image src=&#8220;https:\/\/pilates-for-athletes.com\/wp-content\/uploads\/2024\/06\/Pilatesforathletes-72-683&#215;1024.jpg&#8220; alt=&#8220;pilates for athletes, Kirsten is instructing a client&#8220; title_text=&#8220;Pilates for Athletes&#8220; _builder_version=&#8220;4.24.0&#8243; _module_preset=&#8220;default&#8220; positioning=&#8220;relative&#8220; vertical_offset=&#8220;-20px&#8220; horizontal_offset=&#8220;-20px&#8220; custom_margin=&#8220;||||false|false&#8220; scroll_horizontal_motion=&#8220;0|43|43|83|4|0|-4&#8243; box_shadow_style=&#8220;preset2&#8243; global_colors_info=&#8220;{}&#8220;][\/et_pb_image][\/et_pb_column][et_pb_column type=&#8220;3_5&#8243; _builder_version=&#8220;4.24.0&#8243; _module_preset=&#8220;default&#8220; background_enable_color=&#8220;off&#8220; custom_padding=&#8220;||||true|true&#8220; global_colors_info=&#8220;{}&#8220;][et_pb_blurb title=&#8220;Ausbildung und Zertifizierung&#8220; use_icon=&#8220;on&#8220; icon_placement=&#8220;left&#8220; _builder_version=&#8220;4.27.4&#8243; _module_preset=&#8220;default&#8220; header_level=&#8220;h2&#8243; header_font=&#8220;|||on|||||&#8220; header_text_align=&#8220;left&#8220; header_text_color=&#8220;#5C524B&#8220; global_colors_info=&#8220;{}&#8220;][\/et_pb_blurb][et_pb_blurb title=&#8220;Basi Legacy Programm &#8211; Mentor, 2025&#8243; image=&#8220;https:\/\/pilates-for-athletes.com\/wp-content\/uploads\/2024\/01\/fitness-gym_8326574.png&#8220; icon_placement=&#8220;left&#8220; _builder_version=&#8220;4.27.4&#8243; _module_preset=&#8220;default&#8220; header_level=&#8220;h3&#8243; header_text_color=&#8220;#5C524B&#8220; header_font_size=&#8220;20px&#8220; global_colors_info=&#8220;{}&#8220;]<\/p>\n<p>von Ilaria Pulidori &amp; Maria Sylla<\/p>\n<p>[\/et_pb_blurb][et_pb_blurb title=&#8220; CQP-APSPM, AGEE 2024&#8243; image=&#8220;https:\/\/pilates-for-athletes.com\/wp-content\/uploads\/2024\/01\/fitness-gym_8326574.png&#8220; icon_placement=&#8220;left&#8220; _builder_version=&#8220;4.27.4&#8243; _module_preset=&#8220;default&#8220; header_level=&#8220;h3&#8243; header_text_color=&#8220;#5C524B&#8220; header_font_size=&#8220;20px&#8220; global_colors_info=&#8220;{}&#8220;]<\/p>\n<p>Franz\u00f6sisches Zertifikat: Sporttraining auf \u00e4rztliche Verordnung<\/p>\n<p>[\/et_pb_blurb][et_pb_blurb title=&#8220;Pilates for Injuries &#038; Pathologies, 2023&#8243; image=&#8220;https:\/\/pilates-for-athletes.com\/wp-content\/uploads\/2024\/01\/fitness-gym_8326574.png&#8220; icon_placement=&#8220;left&#8220; _builder_version=&#8220;4.27.4&#8243; _module_preset=&#8220;default&#8220; header_level=&#8220;h3&#8243; header_text_color=&#8220;#5C524B&#8220; header_font_size=&#8220;20px&#8220; global_colors_info=&#8220;{}&#8220;]<\/p>\n<p>(Pilates f\u00fcr Verletzungen und Pathologien)<br \/>basi Pilates: zertifizierter Kurs von Samantha Wood<\/p>\n<p>[\/et_pb_blurb][et_pb_blurb title=&#8220;CQP ALS, AGEE 2023&#8243; image=&#8220;https:\/\/pilates-for-athletes.com\/wp-content\/uploads\/2024\/01\/fitness-gym_8326574.png&#8220; icon_placement=&#8220;left&#8220; _builder_version=&#8220;4.27.4&#8243; _module_preset=&#8220;default&#8220; header_level=&#8220;h3&#8243; header_text_color=&#8220;#5C524B&#8220; header_font_size=&#8220;20px&#8220; global_colors_info=&#8220;{}&#8220;]<\/p>\n<p>Zertifizierte Sport-Trainerin, FFSPT, \u00cele-de-France<\/p>\n<p>[\/et_pb_blurb][et_pb_blurb title=&#8220;Comprehensive Teacher Training (CTT), 2022&#8243; image=&#8220;https:\/\/pilates-for-athletes.com\/wp-content\/uploads\/2024\/01\/fitness-gym_8326574.png&#8220; icon_placement=&#8220;left&#8220; _builder_version=&#8220;4.27.4&#8243; _module_preset=&#8220;default&#8220; header_level=&#8220;h3&#8243; header_text_color=&#8220;#5C524B&#8220; header_font_size=&#8220;20px&#8220; global_colors_info=&#8220;{}&#8220;]<\/p>\n<p>basi Pilates: Matte und Ger\u00e4te: Reformer, Cadillac, spine corrector, Chair, Ladder Barrel, F2 System; unterrichtet von Verena Tremel (basi faculty) &amp; Fabio Caracci (basi faculty)<\/p>\n<p>[\/et_pb_blurb][et_pb_blurb title=&#8220;Movement Anatomy Coursework, 2022&#8243; image=&#8220;https:\/\/pilates-for-athletes.com\/wp-content\/uploads\/2024\/01\/fitness-gym_8326574.png&#8220; icon_placement=&#8220;left&#8220; _builder_version=&#8220;4.27.4&#8243; _module_preset=&#8220;default&#8220; header_level=&#8220;h3&#8243; header_text_color=&#8220;#5C524B&#8220; header_font_size=&#8220;20px&#8220; global_colors_info=&#8220;{}&#8220;]<\/p>\n<p>Bewegungsanatomie<\/p>\n<p>[\/et_pb_blurb][et_pb_blurb title=&#8220;Pilates Coach (Matte), 2019&#8243; image=&#8220;https:\/\/pilates-for-athletes.com\/wp-content\/uploads\/2024\/01\/fitness-gym_8326574.png&#8220; icon_placement=&#8220;left&#8220; _builder_version=&#8220;4.27.4&#8243; _module_preset=&#8220;default&#8220; header_level=&#8220;h3&#8243; header_text_color=&#8220;#5C524B&#8220; header_font_size=&#8220;20px&#8220; global_colors_info=&#8220;{}&#8220;]<\/p>\n<p>Essence Yoga &amp; Pilates Ausbildungsinstitut, Bremen bei Kerstin Reif<\/p>\n<p>[\/et_pb_blurb][et_pb_blurb title=&#8220;Schwimmtrainerin, 1990\/91 &#038; 1992 &#038; 2016&#8243; image=&#8220;https:\/\/pilates-for-athletes.com\/wp-content\/uploads\/2024\/01\/water_13255481.png&#8220; icon_placement=&#8220;left&#8220; _builder_version=&#8220;4.27.4&#8243; _module_preset=&#8220;default&#8220; header_level=&#8220;h3&#8243; header_text_color=&#8220;#5C524B&#8220; header_font_size=&#8220;20px&#8220; global_colors_info=&#8220;{}&#8220;]<\/p>\n<p>Deutscher Olympischer Sport Bund (DOSB), Lizenz C &amp; Lizenz B<\/p>\n<p>[\/et_pb_blurb][\/et_pb_column][\/et_pb_row][et_pb_row _builder_version=&#8220;4.24.0&#8243; _module_preset=&#8220;default&#8220; global_colors_info=&#8220;{}&#8220;][et_pb_column type=&#8220;4_4&#8243; _builder_version=&#8220;4.24.0&#8243; _module_preset=&#8220;default&#8220; global_colors_info=&#8220;{}&#8220;][et_pb_text _builder_version=&#8220;4.27.4&#8243; _module_preset=&#8220;default&#8220; ul_line_height=&#8220;1.9em&#8220; custom_padding=&#8220;||||false|false&#8220; hover_enabled=&#8220;0&#8243; global_colors_info=&#8220;{}&#8220; sticky_enabled=&#8220;0&#8243;]<\/p>\n<p>Als ehemalige Leistungsschwimmering ist es mein Ziel, dass Mastersportler ihren Sport so lange wie m\u00f6glich schmerzfrei und mit Freude aus\u00fcben k\u00f6nnen.<\/p>\n<p>&nbsp;<\/p>\n<ul>\n<li>Geboren und aufgewachsen bin ich in Berlin (Deutschland) und habe sowohl in den USA als auch in Gro\u00dfbritannien studiert.<\/li>\n<li>Derzeit lebe ich mit meiner Familie in S\u00fcdfrankreich, in der N\u00e4he von Toulouse.<\/li>\n<li>Schwimmen ist immer noch meine Leidenschaft, und ich trainiere als Mastersportlerin bei US Colomiers, Frankreich.<\/li>\n<li>Ich unterrichte auf Deutsch, Englisch oder Franz\u00f6sisch, online oder pers\u00f6nlich: Privat-, Duo- und Gruppenunterricht m\u00f6glich.<\/li>\n<\/ul>\n<p>[\/et_pb_text][\/et_pb_column][\/et_pb_row][et_pb_row _builder_version=&#8220;4.24.0&#8243; _module_preset=&#8220;default&#8220; global_colors_info=&#8220;{}&#8220;][et_pb_column type=&#8220;4_4&#8243; _builder_version=&#8220;4.24.0&#8243; _module_preset=&#8220;default&#8220; global_colors_info=&#8220;{}&#8220;][et_pb_button button_url=&#8220;@ET-DC@eyJkeW5hbWljIjp0cnVlLCJjb250ZW50IjoicG9zdF9saW5rX3VybF9wYWdlIiwic2V0dGluZ3MiOnsicG9zdF9pZCI6IjEwIn19@&#8220; button_text=&#8220;Kontakt&#8220; button_alignment=&#8220;center&#8220; _builder_version=&#8220;4.27.4&#8243; _dynamic_attributes=&#8220;button_url&#8220; _module_preset=&#8220;d173cc4c-67c4-4c9d-b3ba-6e1098966d0c&#8220; global_colors_info=&#8220;{}&#8220;][\/et_pb_button][\/et_pb_column][\/et_pb_row][\/et_pb_section]<\/p>\n","protected":false},"excerpt":{"rendered":"<p>\u00dcber michKirsten &#8211; Pilates-Teacher, spezialisiert auf das Training von Master-\/Seniorsportlern.von Ilaria Pulidori &amp; Maria SyllaFranz\u00f6sisches Zertifikat: Sporttraining auf \u00e4rztliche Verordnung(Pilates f\u00fcr Verletzungen und Pathologien)basi Pilates: zertifizierter Kurs von Samantha WoodZertifizierte Sport-Trainerin, FFSPT, \u00cele-de-Francebasi Pilates: Matte und Ger\u00e4te: Reformer, Cadillac, spine corrector, Chair, Ladder Barrel, F2 System; unterrichtet von Verena Tremel (basi faculty) &amp; Fabio Caracci [&hellip;]<\/p>\n","protected":false},"author":1,"featured_media":0,"parent":0,"menu_order":0,"comment_status":"closed","ping_status":"closed","template":"","meta":{"_et_pb_use_builder":"on","_et_pb_old_content":"","_et_gb_content_width":"","iawp_total_views":25,"footnotes":""},"class_list":["post-987512145","page","type-page","status-publish","hentry"],"yoast_head":"<!-- This site is optimized with the Yoast SEO plugin v27.5 - https:\/\/yoast.com\/product\/yoast-seo-wordpress\/ -->\n<title>\u00dcber mich - Pilates for Athletes<\/title>\n<meta name=\"description\" content=\"Zur\u00fcck zu mehr Leistung und Stabilit\u00e4t: Pilates-Training f\u00fcr Athleten mit Kirsten, zertifizierte Pilates-Trainerin mit Spezialisierung auf Sportler.\" \/>\n<meta name=\"robots\" content=\"index, follow, max-snippet:-1, max-image-preview:large, max-video-preview:-1\" \/>\n<link rel=\"canonical\" href=\"https:\/\/pilates-for-athletes.com\/de\/ueber-mich\/\" \/>\n<meta property=\"og:locale\" content=\"de_DE\" \/>\n<meta property=\"og:type\" content=\"article\" \/>\n<meta property=\"og:title\" content=\"\u00dcber mich - Pilates for Athletes\" \/>\n<meta property=\"og:description\" content=\"Zur\u00fcck zu mehr Leistung und Stabilit\u00e4t: Pilates-Training f\u00fcr Athleten mit Kirsten, zertifizierte Pilates-Trainerin mit Spezialisierung auf Sportler.\" \/>\n<meta property=\"og:url\" content=\"https:\/\/pilates-for-athletes.com\/de\/ueber-mich\/\" \/>\n<meta property=\"og:site_name\" content=\"Pilates for Athletes\" \/>\n<meta property=\"article:modified_time\" content=\"2026-02-05T09:23:21+00:00\" \/>\n<meta name=\"twitter:card\" content=\"summary_large_image\" \/>\n<meta name=\"twitter:label1\" content=\"Gesch\u00e4tzte Lesezeit\" \/>\n\t<meta name=\"twitter:data1\" content=\"3\u00a0Minuten\" \/>\n<script type=\"application\/ld+json\" class=\"yoast-schema-graph\">{\"@context\":\"https:\\\/\\\/schema.org\",\"@graph\":[{\"@type\":\"WebPage\",\"@id\":\"https:\\\/\\\/pilates-for-athletes.com\\\/de\\\/ueber-mich\\\/\",\"url\":\"https:\\\/\\\/pilates-for-athletes.com\\\/de\\\/ueber-mich\\\/\",\"name\":\"\u00dcber mich - Pilates for Athletes\",\"isPartOf\":{\"@id\":\"https:\\\/\\\/pilates-for-athletes.com\\\/de\\\/#website\"},\"datePublished\":\"2024-01-12T14:50:28+00:00\",\"dateModified\":\"2026-02-05T09:23:21+00:00\",\"description\":\"Zur\u00fcck zu mehr Leistung und Stabilit\u00e4t: Pilates-Training f\u00fcr Athleten mit Kirsten, zertifizierte Pilates-Trainerin mit Spezialisierung auf Sportler.\",\"breadcrumb\":{\"@id\":\"https:\\\/\\\/pilates-for-athletes.com\\\/de\\\/ueber-mich\\\/#breadcrumb\"},\"inLanguage\":\"de\",\"potentialAction\":[{\"@type\":\"ReadAction\",\"target\":[\"https:\\\/\\\/pilates-for-athletes.com\\\/de\\\/ueber-mich\\\/\"]}]},{\"@type\":\"BreadcrumbList\",\"@id\":\"https:\\\/\\\/pilates-for-athletes.com\\\/de\\\/ueber-mich\\\/#breadcrumb\",\"itemListElement\":[{\"@type\":\"ListItem\",\"position\":1,\"name\":\"Startseite\",\"item\":\"https:\\\/\\\/pilates-for-athletes.com\\\/de\\\/\"},{\"@type\":\"ListItem\",\"position\":2,\"name\":\"\u00dcber mich\"}]},{\"@type\":\"WebSite\",\"@id\":\"https:\\\/\\\/pilates-for-athletes.com\\\/de\\\/#website\",\"url\":\"https:\\\/\\\/pilates-for-athletes.com\\\/de\\\/\",\"name\":\"Pilates for Athletes\",\"description\":\"with Kirsten\",\"publisher\":{\"@id\":\"https:\\\/\\\/pilates-for-athletes.com\\\/de\\\/#organization\"},\"potentialAction\":[{\"@type\":\"SearchAction\",\"target\":{\"@type\":\"EntryPoint\",\"urlTemplate\":\"https:\\\/\\\/pilates-for-athletes.com\\\/de\\\/?s={search_term_string}\"},\"query-input\":{\"@type\":\"PropertyValueSpecification\",\"valueRequired\":true,\"valueName\":\"search_term_string\"}}],\"inLanguage\":\"de\"},{\"@type\":\"Organization\",\"@id\":\"https:\\\/\\\/pilates-for-athletes.com\\\/de\\\/#organization\",\"name\":\"Pilates for Athletes\",\"url\":\"https:\\\/\\\/pilates-for-athletes.com\\\/de\\\/\",\"logo\":{\"@type\":\"ImageObject\",\"inLanguage\":\"de\",\"@id\":\"https:\\\/\\\/pilates-for-athletes.com\\\/de\\\/#\\\/schema\\\/logo\\\/image\\\/\",\"url\":\"https:\\\/\\\/pilates-for-athletes.com\\\/wp-content\\\/uploads\\\/2024\\\/10\\\/PilatesForAthletes_Logo.png\",\"contentUrl\":\"https:\\\/\\\/pilates-for-athletes.com\\\/wp-content\\\/uploads\\\/2024\\\/10\\\/PilatesForAthletes_Logo.png\",\"width\":500,\"height\":500,\"caption\":\"Pilates for Athletes\"},\"image\":{\"@id\":\"https:\\\/\\\/pilates-for-athletes.com\\\/de\\\/#\\\/schema\\\/logo\\\/image\\\/\"}}]}<\/script>\n<!-- \/ Yoast SEO plugin. -->","yoast_head_json":{"title":"\u00dcber mich - Pilates for Athletes","description":"Zur\u00fcck zu mehr Leistung und Stabilit\u00e4t: Pilates-Training f\u00fcr Athleten mit Kirsten, zertifizierte Pilates-Trainerin mit Spezialisierung auf Sportler.","robots":{"index":"index","follow":"follow","max-snippet":"max-snippet:-1","max-image-preview":"max-image-preview:large","max-video-preview":"max-video-preview:-1"},"canonical":"https:\/\/pilates-for-athletes.com\/de\/ueber-mich\/","og_locale":"de_DE","og_type":"article","og_title":"\u00dcber mich - Pilates for Athletes","og_description":"Zur\u00fcck zu mehr Leistung und Stabilit\u00e4t: Pilates-Training f\u00fcr Athleten mit Kirsten, zertifizierte Pilates-Trainerin mit Spezialisierung auf Sportler.","og_url":"https:\/\/pilates-for-athletes.com\/de\/ueber-mich\/","og_site_name":"Pilates for Athletes","article_modified_time":"2026-02-05T09:23:21+00:00","twitter_card":"summary_large_image","twitter_misc":{"Gesch\u00e4tzte Lesezeit":"3\u00a0Minuten"},"schema":{"@context":"https:\/\/schema.org","@graph":[{"@type":"WebPage","@id":"https:\/\/pilates-for-athletes.com\/de\/ueber-mich\/","url":"https:\/\/pilates-for-athletes.com\/de\/ueber-mich\/","name":"\u00dcber mich - Pilates for Athletes","isPartOf":{"@id":"https:\/\/pilates-for-athletes.com\/de\/#website"},"datePublished":"2024-01-12T14:50:28+00:00","dateModified":"2026-02-05T09:23:21+00:00","description":"Zur\u00fcck zu mehr Leistung und Stabilit\u00e4t: Pilates-Training f\u00fcr Athleten mit Kirsten, zertifizierte Pilates-Trainerin mit Spezialisierung auf Sportler.","breadcrumb":{"@id":"https:\/\/pilates-for-athletes.com\/de\/ueber-mich\/#breadcrumb"},"inLanguage":"de","potentialAction":[{"@type":"ReadAction","target":["https:\/\/pilates-for-athletes.com\/de\/ueber-mich\/"]}]},{"@type":"BreadcrumbList","@id":"https:\/\/pilates-for-athletes.com\/de\/ueber-mich\/#breadcrumb","itemListElement":[{"@type":"ListItem","position":1,"name":"Startseite","item":"https:\/\/pilates-for-athletes.com\/de\/"},{"@type":"ListItem","position":2,"name":"\u00dcber mich"}]},{"@type":"WebSite","@id":"https:\/\/pilates-for-athletes.com\/de\/#website","url":"https:\/\/pilates-for-athletes.com\/de\/","name":"Pilates for Athletes","description":"with Kirsten","publisher":{"@id":"https:\/\/pilates-for-athletes.com\/de\/#organization"},"potentialAction":[{"@type":"SearchAction","target":{"@type":"EntryPoint","urlTemplate":"https:\/\/pilates-for-athletes.com\/de\/?s={search_term_string}"},"query-input":{"@type":"PropertyValueSpecification","valueRequired":true,"valueName":"search_term_string"}}],"inLanguage":"de"},{"@type":"Organization","@id":"https:\/\/pilates-for-athletes.com\/de\/#organization","name":"Pilates for Athletes","url":"https:\/\/pilates-for-athletes.com\/de\/","logo":{"@type":"ImageObject","inLanguage":"de","@id":"https:\/\/pilates-for-athletes.com\/de\/#\/schema\/logo\/image\/","url":"https:\/\/pilates-for-athletes.com\/wp-content\/uploads\/2024\/10\/PilatesForAthletes_Logo.png","contentUrl":"https:\/\/pilates-for-athletes.com\/wp-content\/uploads\/2024\/10\/PilatesForAthletes_Logo.png","width":500,"height":500,"caption":"Pilates for Athletes"},"image":{"@id":"https:\/\/pilates-for-athletes.com\/de\/#\/schema\/logo\/image\/"}}]}},"_links":{"self":[{"href":"https:\/\/pilates-for-athletes.com\/de\/wp-json\/wp\/v2\/pages\/987512145","targetHints":{"allow":["GET"]}}],"collection":[{"href":"https:\/\/pilates-for-athletes.com\/de\/wp-json\/wp\/v2\/pages"}],"about":[{"href":"https:\/\/pilates-for-athletes.com\/de\/wp-json\/wp\/v2\/types\/page"}],"author":[{"embeddable":true,"href":"https:\/\/pilates-for-athletes.com\/de\/wp-json\/wp\/v2\/users\/1"}],"replies":[{"embeddable":true,"href":"https:\/\/pilates-for-athletes.com\/de\/wp-json\/wp\/v2\/comments?post=987512145"}],"version-history":[{"count":8,"href":"https:\/\/pilates-for-athletes.com\/de\/wp-json\/wp\/v2\/pages\/987512145\/revisions"}],"predecessor-version":[{"id":987512211,"href":"https:\/\/pilates-for-athletes.com\/de\/wp-json\/wp\/v2\/pages\/987512145\/revisions\/987512211"}],"wp:attachment":[{"href":"https:\/\/pilates-for-athletes.com\/de\/wp-json\/wp\/v2\/media?parent=987512145"}],"curies":[{"name":"wp","href":"https:\/\/api.w.org\/{rel}","templated":true}]}}